{"id":67,"date":"2013-10-03T21:20:34","date_gmt":"2013-10-03T21:20:34","guid":{"rendered":"http:\/\/bsrabogados.es\/?page_id=67"},"modified":"2013-10-24T17:46:30","modified_gmt":"2013-10-24T17:46:30","slug":"areas-de-practica","status":"publish","type":"page","link":"https:\/\/bsrabogados.es\/?page_id=67","title":{"rendered":"\u00c1reas de Ejercicio Profesional"},"content":{"rendered":"<p><strong>SERVICIOS PROFESIONALES <\/strong><\/p>\n<p>Estas son nuestras principales \u00e1reas de actuaci\u00f3n legal, tanto en asesoramiento jur\u00eddico, como en la defensa de los intereses de nuestros clientes ante los tribunales; pero, no dude en consultarnos en lo relativo a cualquier otro \u00e1rea jur\u00eddica; sin duda, podremos ofrecerle el consejo legal que necesita en cada momento.<\/p>\n<table width=\"240\" border=\"1\" cellspacing=\"1\" cellpadding=\"3\" bgcolor=\"#ff0000\">\n<tbody>\n<tr>\n<td style=\"text-align: center;\"><span style=\"color: #ffffff; font-family: arial,verdana,helvetica;\"><a href=\"http:\/\/bsrabogados.es\/?page_id=75\"><b>Derecho Civil<\/b><\/a> <\/span><\/td>\n<\/tr>\n<\/tbody>\n<\/table>\n<table width=\"240\" border=\"0\" cellspacing=\"1\" cellpadding=\"3\" bgcolor=\"#ff0000\">\n<tbody>\n<tr>\n<td style=\"text-align: center;\"><span style=\"color: #ffffff; font-family: arial,verdana,helvetica;\"><a href=\"http:\/\/bsrabogados.es\/?page_id=93\"><b>Derecho Laboral<\/b><\/a> <\/span><\/td>\n<\/tr>\n<\/tbody>\n<\/table>\n<table width=\"240\" border=\"0\" cellspacing=\"1\" cellpadding=\"3\" bgcolor=\"#ff0000\">\n<tbody>\n<tr>\n<td style=\"text-align: center;\"><span style=\"color: #ffffff; font-family: arial,verdana,helvetica;\"><a href=\"http:\/\/bsrabogados.es\/?page_id=97\"><b>Derecho Penal<\/b><\/a> <\/span><\/td>\n<\/tr>\n<\/tbody>\n<\/table>\n<table width=\"240\" border=\"0\" cellspacing=\"1\" cellpadding=\"3\" bgcolor=\"#ff0000\">\n<tbody>\n<tr>\n<td style=\"text-align: center;\"><span style=\"color: #ffffff; font-family: arial,verdana,helvetica;\"><a href=\"http:\/\/bsrabogados.es\/?page_id=99\"><b>Derecho Contencioso-Administrativo<\/b><\/a> <\/span><\/td>\n<\/tr>\n<\/tbody>\n<\/table>\n<table width=\"240\" border=\"0\" cellspacing=\"1\" cellpadding=\"3\" bgcolor=\"#ff0000\">\n<tbody>\n<tr>\n<td style=\"text-align: center;\"><span style=\"color: #ffffff; font-family: arial,verdana,helvetica;\"><a href=\"http:\/\/bsrabogados.es\/?page_id=101\"><b>Derecho Constitucional<\/b><\/a> <\/span><\/td>\n<\/tr>\n<\/tbody>\n<\/table>\n","protected":false},"excerpt":{"rendered":"<p>SERVICIOS PROFESIONALES Estas son nuestras principales \u00e1reas de actuaci\u00f3n legal, tanto en asesoramiento jur\u00eddico, como en la defensa de los intereses de nuestros clientes ante los tribunales; pero, no dude en consultarnos en lo relativo a cualquier otro \u00e1rea jur\u00eddica; &hellip; <a href=\"https:\/\/bsrabogados.es\/?page_id=67\">Sigue leyendo <span class=\"meta-nav\">&rarr;<\/span><\/a><\/p>\n","protected":false},"author":3,"featured_media":0,"parent":0,"menu_order":3,"comment_status":"closed","ping_status":"closed","template":"","meta":{"footnotes":""},"class_list":["post-67","page","type-page","status-publish","hentry"],"aioseo_notices":[],"_links":{"self":[{"href":"https:\/\/bsrabogados.es\/index.php?rest_route=\/wp\/v2\/pages\/67","targetHints":{"allow":["GET"]}}],"collection":[{"href":"https:\/\/bsrabogados.es\/index.php?rest_route=\/wp\/v2\/pages"}],"about":[{"href":"https:\/\/bsrabogados.es\/index.php?rest_route=\/wp\/v2\/types\/page"}],"author":[{"embeddable":true,"href":"https:\/\/bsrabogados.es\/index.php?rest_route=\/wp\/v2\/users\/3"}],"replies":[{"embeddable":true,"href":"https:\/\/bsrabogados.es\/index.php?rest_route=%2Fwp%2Fv2%2Fcomments&post=67"}],"version-history":[{"count":12,"href":"https:\/\/bsrabogados.es\/index.php?rest_route=\/wp\/v2\/pages\/67\/revisions"}],"predecessor-version":[{"id":270,"href":"https:\/\/bsrabogados.es\/index.php?rest_route=\/wp\/v2\/pages\/67\/revisions\/270"}],"wp:attachment":[{"href":"https:\/\/bsrabogados.es\/index.php?rest_route=%2Fwp%2Fv2%2Fmedia&parent=67"}],"curies":[{"name":"wp","href":"https:\/\/api.w.org\/{rel}","templated":true}]}}