{"id":69,"date":"2015-01-09T07:20:52","date_gmt":"2015-01-09T07:20:52","guid":{"rendered":"http:\/\/bsrabogados.es\/?page_id=69"},"modified":"2015-01-09T12:50:22","modified_gmt":"2015-01-09T12:50:22","slug":"beatriz-sanjurjo-rebollo","status":"publish","type":"page","link":"https:\/\/bsrabogados.es\/?page_id=69","title":{"rendered":"Beatriz Sanjurjo Rebollo"},"content":{"rendered":"<dl class=\"wp-caption alignleft\" style=\"width: 247px;\">\n<dt class=\"wp-caption-dt\"><img loading=\"lazy\" decoding=\"async\" alt=\"\" src=\"https:\/\/lh5.googleusercontent.com\/GFBIj4p4tEbj6ZzcgcWhmqMHEpg_xygmodRa6WoJr_8=w227-h207-p-no\" width=\"237\" height=\"214\" \/><\/dt>\n<dd class=\"wp-caption-dd\">Beatriz Sanjurjo Rebollo<\/dd>\n<\/dl>\n<p>\u00a0<i style=\"font-size: 16px;\">Beatriz Sanjurjo Rebollo es abogada en ejercicio del Ilustre Colegio de Abogados de Madrid y Doctora cum laude en Derecho por la Universidad Aut\u00f3noma de Madrid. Acad\u00e9mica correspondiente de la Real Academia de Jurisprudencia y Legislaci\u00f3n, donde ocupa el cargo de Vicepresidenta Segunda de la Secci\u00f3n de Derechos Procesal. Compagina su actividad profesional como Letrada con la docencia universitaria de Derecho en Grado y M\u00e1ster (estando acreditada para la docencia universitaria por ANECA).<\/i><\/p>\n<p><i>Avala el desarrollo de su actividad profesional con sus conocimientos jur\u00eddicos y su contrastada experiencia profesional en el ejercicio de la abogac\u00eda. Tras la finalizaci\u00f3n de la carrera universitaria y el doctorado en Derecho en la Universidad Aut\u00f3noma de Madrid, realiz\u00f3 diferentes estudios como el de Especializaci\u00f3n en Derecho Constitucional y Ciencias Pol\u00edticas, en el Centro de Estudios Pol\u00edticos y Constitucionales. Direcci\u00f3n de Personal y Recursos Humanos, en la Escuela de Organizaci\u00f3n Industrial. Gesti\u00f3n y Direcci\u00f3n Empresarial, en la Universidad Polit\u00e9cnica de Madrid. Experta en Comercio Internacional, en la Universidad Aut\u00f3noma de Madrid, entre otros. <\/i><\/p>\n<p><i>Siendo una constante preocupaci\u00f3n la actualizaci\u00f3n de conocimientos jur\u00eddicos, ha realizado y realiza cursos de actualizaci\u00f3n y especializaci\u00f3n en centros como el Ilustre Colegio de Abogados de Madrid, Centro de Estudios Pol\u00edticos y Constitucionales, Universidad Aut\u00f3noma, Universidad Polit\u00e9cnica de Madrid, o la Real Academia de Jurisprudencia y Legislaci\u00f3n, entre otros. <\/i><\/p>\n<p><i>Es autora de diferentes libros propios y en colaboraci\u00f3n; as\u00ed como, de art\u00edculos jur\u00eddicos. Habitual conferenciante y con colaboraciones puntuales en prensa, radio y televisi\u00f3n, pasamos a hacer una descripci\u00f3n de algunas de sus obras y participaciones.<\/i><\/p>\n<p><b><i>Libros:<\/i><\/b><\/p>\n<div style=\"width: 257px\" class=\"wp-caption aligncenter\"><img loading=\"lazy\" decoding=\"async\" alt=\"\" src=\"https:\/\/lh5.googleusercontent.com\/-AgWr8eWLlag\/VK_J0oLo9BI\/AAAAAAAAAwg\/Umxk5KPSoJE\/w406-h541-no\/P1080763.JPG\" width=\"247\" height=\"295\" \/><p class=\"wp-caption-text\">Manual de Internet y Redes Sociales Beatriz Sanjurjo Rebollo Dykinson 2015<\/p><\/div>\n<div style=\"width: 167px\" class=\"wp-caption alignright\"><img loading=\"lazy\" decoding=\"async\" alt=\"\" src=\"https:\/\/lh4.googleusercontent.com\/-rKaDs4YDnts\/Uk8KctkezbI\/AAAAAAAAADI\/eDYtg5o9hJA\/s576\/P3020099.JPG\" width=\"157\" height=\"134\" \/><p class=\"wp-caption-text\">El jurado y Manual de Derecho de la Informaci\u00f3n Beatriz Sanjurjo Rebollo<\/p><\/div>\n<ul>\n<li><em><a href=\"http:\/\/www.dykinson.com\/libros\/manual-de-internet-y-redes-sociales\/9788490852392\/\" target=\"_blank\">Manual de Internet y Redes Sociales<\/a>: una mirada legal al nuevo panorama de las Comunicaciones en la Red, con especial referencia al Periodismo Digital, Propiedad Intelectual, Protecci\u00f3n de Datos, Negocios Audiovisuales, Ecommerce, Consumidores, Marketing online y Publicidad Digital.<\/em> Beatriz Sanjurjo Rebollo. Dykinson, 2015.<\/li>\n<li><i>\u00a0<\/i><i><a href=\"http:\/\/www.dykinson.com\/libros\/manual-de-derecho-de-la-informacion\/9788498496765\/\" target=\"_blank\">Manual de Derecho de la Informaci\u00f3n<\/a>: una perspectiva legal de un mundo cada d\u00eda m\u00e1s medi\u00e1tico. <\/i><i>Beatriz Sanjurjo Rebollo. <\/i><i>Dykinson, 2009.<\/i><\/li>\n<\/ul>\n<ul>\n<li><i><a href=\"http:\/\/dialnet.unirioja.es\/servlet\/libro?codigo=257477\">Los jurados en USA y en Espa\u00f1a<\/a>: dos contenidos distintos de la misma expresi\u00f3n. <\/i><i>Beatriz Sanjurjo Rebollo. <\/i><i>Dykinson, 2004.<\/i><\/li>\n<\/ul>\n<p><i>\u00a0<\/i><b><i>Colaboraciones en obras colectivas<\/i><\/b><\/p>\n<ul>\n<li><i>\u00a0<\/i><i>AA: VV (Beatriz Sanjurjo Rebollo): <a href=\"http:\/\/dialnet.unirioja.es\/servlet\/libro?codigo=466211\">Cuestiones actuales de la jurisdicci\u00f3n en Espa\u00f1a<\/a> \/ coord. por <a href=\"http:\/\/dialnet.unirioja.es\/servlet\/autor?codigo=81335\">Alfredo Montoya Melgar<\/a>, 2010.<\/i><\/li>\n<li><i>\u00a0<\/i><i>AA: VV (Beatriz Sanjurjo Rebollo): Memorias del VI Congreso Iberoamericano de Academias de Derecho. \/ Academia colombiana de Jurisprudencia, 2007.<\/i><\/li>\n<li><i>\u00a0<\/i><i>AA: VV (Beatriz Sanjurjo Rebollo): Estudios acerca de la reforma de la Justicia en Espa\u00f1a. \/ Ministerio de Justicia y RAJyL, 2004.<\/i><\/li>\n<\/ul>\n<p><b><i>Art\u00edculos de revistas<\/i><\/b><\/p>\n<ul>\n<li><i><a href=\"http:\/\/dialnet.unirioja.es\/servlet\/articulo?codigo=3710719\">Modernizaci\u00f3n digital de la Administraci\u00f3n de Justicia<\/a>: especial referencia a la jurisdicci\u00f3n contable. <\/i><i>Beatriz Sanjurjo Rebollo, <\/i><i><a href=\"http:\/\/dialnet.unirioja.es\/servlet\/revista?codigo=1217\">Revista espa\u00f1ola de control externo<\/a>, 2011.<\/i><\/li>\n<li><i>\u00a0<\/i><i>Una piedra preciosa del Ordenamiento Jur\u00eddico: la acci\u00f3n de jactancia. <\/i><i>Beatriz Sanjurjo Rebollo. <\/i><i>Revista El Derecho, 2006.<\/i><\/li>\n<li><i>\u00a0<\/i><i><a href=\"http:\/\/dialnet.unirioja.es\/servlet\/articulo?codigo=103875\">Jurados an\u00f3nimos<\/a>: Caso de Estados Unidos contra Bowles (Mimesota, 1995) .<\/i><i>Beatriz Sanjurjo Rebollo. <\/i><i><a href=\"http:\/\/dialnet.unirioja.es\/servlet\/revista?codigo=1148\">Revista de derecho procesal<\/a>, 2008.<\/i><\/li>\n<li><i>\u00a0<\/i><i>El jurado. <\/i><i>Beatriz Sanjurjo Rebollo. <\/i><i>Revista El Derecho, 2006.<\/i><\/li>\n<\/ul>\n<p><i>\u00a0<\/i><b><i>Conferencias <\/i><\/b><\/p>\n<ul>\n<li><i>\u00a0<\/i><i>El desahucio expr\u00e9s, RAJyL, 2012<\/i><\/li>\n<li><i>El derecho de defensa, UAM, 2012.<\/i><\/li>\n<li><i>Ciberdelincuencia, RAJyL, 2011<\/i><\/li>\n<li><i><a href=\"http:\/\/dialnet.unirioja.es\/servlet\/articulo?codigo=3710719\">Digitalizaci\u00f3n de la Administraci\u00f3n de Justicia<\/a>, RAJyL, 2010.<\/i><\/li>\n<li><i>Reformas Procesales, RAJyL, 2009<\/i><\/li>\n<\/ul>\n<p><b><i>Medios de comunicaci\u00f3n:<\/i><\/b><\/p>\n<ul>\n<li><i>En Prensa, entrevista de Beatriz Sanjurjo sobre Medio ambiente, en la Gaceta de los Negocios.<\/i><\/li>\n<li><i>En Radio, entrevista de Beatriz Sanjurjo sobre el jurado popular, en Punto Radio.<\/i><\/li>\n<li><i>En TV, entrevista de Beatriz Sanjurjo sobre el caso B\u00e1rcenas, en la Sexta Noticias<\/i><\/li>\n<li><i>Sesiones sobre periodismo y Derecho, destacando \u201cEntre el Plat\u00f3 y la sala de justicia, juicios paralelos\u201d, RAJy, 2011.<\/i><\/li>\n<\/ul>\n","protected":false},"excerpt":{"rendered":"<p>Beatriz Sanjurjo Rebollo \u00a0Beatriz Sanjurjo Rebollo es abogada en ejercicio del Ilustre Colegio de Abogados de Madrid y Doctora cum laude en Derecho por la Universidad Aut\u00f3noma de Madrid. Acad\u00e9mica correspondiente de la Real Academia de Jurisprudencia y Legislaci\u00f3n, donde &hellip; <a href=\"https:\/\/bsrabogados.es\/?page_id=69\">Sigue leyendo <span class=\"meta-nav\">&rarr;<\/span><\/a><\/p>\n","protected":false},"author":3,"featured_media":0,"parent":0,"menu_order":0,"comment_status":"closed","ping_status":"closed","template":"","meta":{"footnotes":""},"class_list":["post-69","page","type-page","status-publish","hentry"],"aioseo_notices":[],"_links":{"self":[{"href":"https:\/\/bsrabogados.es\/index.php?rest_route=\/wp\/v2\/pages\/69","targetHints":{"allow":["GET"]}}],"collection":[{"href":"https:\/\/bsrabogados.es\/index.php?rest_route=\/wp\/v2\/pages"}],"about":[{"href":"https:\/\/bsrabogados.es\/index.php?rest_route=\/wp\/v2\/types\/page"}],"author":[{"embeddable":true,"href":"https:\/\/bsrabogados.es\/index.php?rest_route=\/wp\/v2\/users\/3"}],"replies":[{"embeddable":true,"href":"https:\/\/bsrabogados.es\/index.php?rest_route=%2Fwp%2Fv2%2Fcomments&post=69"}],"version-history":[{"count":40,"href":"https:\/\/bsrabogados.es\/index.php?rest_route=\/wp\/v2\/pages\/69\/revisions"}],"predecessor-version":[{"id":285,"href":"https:\/\/bsrabogados.es\/index.php?rest_route=\/wp\/v2\/pages\/69\/revisions\/285"}],"wp:attachment":[{"href":"https:\/\/bsrabogados.es\/index.php?rest_route=%2Fwp%2Fv2%2Fmedia&parent=69"}],"curies":[{"name":"wp","href":"https:\/\/api.w.org\/{rel}","templated":true}]}}