{"id":75,"date":"2013-10-03T21:21:58","date_gmt":"2013-10-03T21:21:58","guid":{"rendered":"http:\/\/bsrabogados.es\/?page_id=75"},"modified":"2013-10-24T17:46:40","modified_gmt":"2013-10-24T17:46:40","slug":"derecho-procesal","status":"publish","type":"page","link":"https:\/\/bsrabogados.es\/?page_id=75","title":{"rendered":"Civil"},"content":{"rendered":"<p><i>Asesorados por nuestro despacho en temas civil y asistidos por Letrado en todo tipo de procedimientos civiles ante Juzgados y Tribunales la resoluci\u00f3n de sus problemas legales adquieren una nueva perspectiva hacia la m\u00e1s adecuada defensa de sus intereses. <\/i><\/p>\n<p><i>Nuestras principales \u00e1reas de actuaci\u00f3n en el marco civil son:<\/i><\/p>\n<p><b><i><\/i><\/b><i>Separaciones y divorcios, liquidaci\u00f3n de gananciales, acuerdos prematrimoniales, reconocimiento de paternidad, parejas de hecho, reclamaci\u00f3n de pensiones, sucesiones, herencias, declaraciones de herederos, propiedades, reclamaciones de deudas e impagos, reclamaci\u00f3n de da\u00f1os y perjuicios, responsabilidades civiles contractuales y extracontractuales, defectos de construcci\u00f3n, redacci\u00f3n y revisi\u00f3n de todo tipo de contratos, compraventas, inscripci\u00f3n de inmuebles en el Registro de la Propiedad, arrendamientos, desahucios, todo tipo de recursos en el \u00e1mbito civil, asistencia a Notar\u00edas, problemas de Comunidades de P<\/i><i>ropietarios, sociedades, propiedad intelectual, derechos de autor, protecci\u00f3n de datos de car\u00e1cter personal, ejecuciones de t\u00edtulos judiciales y no judiciales. <\/i><\/p>\n<p><i>Cons\u00faltenos cualquier otro asunto.<\/i><\/p>\n<div style=\"width: 318px\" class=\"wp-caption alignnone\"><img loading=\"lazy\" decoding=\"async\" alt=\"\" src=\"https:\/\/lh6.googleusercontent.com\/-I1wEGO3YuFU\/Uk8FXwrHz-I\/AAAAAAAAABM\/R-LA7lR02kA\/s720\/foto00361.jpg\" width=\"308\" height=\"282\" \/><p class=\"wp-caption-text\">Derecho Civil Sala I Tribunal Supremo<\/p><\/div>\n<p>&nbsp;<\/p>\n<p>&nbsp;<\/p>\n","protected":false},"excerpt":{"rendered":"<p>Asesorados por nuestro despacho en temas civil y asistidos por Letrado en todo tipo de procedimientos civiles ante Juzgados y Tribunales la resoluci\u00f3n de sus problemas legales adquieren una nueva perspectiva hacia la m\u00e1s adecuada defensa de sus intereses. Nuestras &hellip; <a href=\"https:\/\/bsrabogados.es\/?page_id=75\">Sigue leyendo <span class=\"meta-nav\">&rarr;<\/span><\/a><\/p>\n","protected":false},"author":3,"featured_media":0,"parent":67,"menu_order":0,"comment_status":"closed","ping_status":"closed","template":"","meta":{"footnotes":""},"class_list":["post-75","page","type-page","status-publish","hentry"],"aioseo_notices":[],"_links":{"self":[{"href":"https:\/\/bsrabogados.es\/index.php?rest_route=\/wp\/v2\/pages\/75","targetHints":{"allow":["GET"]}}],"collection":[{"href":"https:\/\/bsrabogados.es\/index.php?rest_route=\/wp\/v2\/pages"}],"about":[{"href":"https:\/\/bsrabogados.es\/index.php?rest_route=\/wp\/v2\/types\/page"}],"author":[{"embeddable":true,"href":"https:\/\/bsrabogados.es\/index.php?rest_route=\/wp\/v2\/users\/3"}],"replies":[{"embeddable":true,"href":"https:\/\/bsrabogados.es\/index.php?rest_route=%2Fwp%2Fv2%2Fcomments&post=75"}],"version-history":[{"count":4,"href":"https:\/\/bsrabogados.es\/index.php?rest_route=\/wp\/v2\/pages\/75\/revisions"}],"predecessor-version":[{"id":147,"href":"https:\/\/bsrabogados.es\/index.php?rest_route=\/wp\/v2\/pages\/75\/revisions\/147"}],"up":[{"embeddable":true,"href":"https:\/\/bsrabogados.es\/index.php?rest_route=\/wp\/v2\/pages\/67"}],"wp:attachment":[{"href":"https:\/\/bsrabogados.es\/index.php?rest_route=%2Fwp%2Fv2%2Fmedia&parent=75"}],"curies":[{"name":"wp","href":"https:\/\/api.w.org\/{rel}","templated":true}]}}