{"id":93,"date":"2013-10-04T11:44:14","date_gmt":"2013-10-04T11:44:14","guid":{"rendered":"http:\/\/bsrabogados.es\/?page_id=93"},"modified":"2013-10-24T17:47:45","modified_gmt":"2013-10-24T17:47:45","slug":"laboral","status":"publish","type":"page","link":"https:\/\/bsrabogados.es\/?page_id=93","title":{"rendered":"Laboral"},"content":{"rendered":"<p><i>La actual situaci\u00f3n de crisis econ\u00f3mica hace especialmente frecuentes y delicados aspectos de jurisdicci\u00f3n social con una clara y directa repercusi\u00f3n en su vida laboral. En nosotros encontrar\u00e1 la respuesta m\u00e1s adecuada ante cualquier problema legal.<\/i><\/p>\n<p><i>Defensa en despidos, SMAC, mobbing, reclamaciones de cantidad, pensiones de invalidez, accidentes laborales, Seguridad Social, recursos, ERE, ERTE, son los asuntos m\u00e1s habituales por en n\u00famero de casos; pero, cualquier otro asunto, cons\u00faltenos.<\/i><\/p>\n<div style=\"width: 256px\" class=\"wp-caption alignnone\"><img loading=\"lazy\" decoding=\"async\" alt=\"\" src=\"https:\/\/lh5.googleusercontent.com\/-gUIWdukv2zw\/Uk8KcZdcfJI\/AAAAAAAAADE\/yAGvawHO5Nw\/s576\/para%2520civil.jpg\" width=\"246\" height=\"400\" \/><p class=\"wp-caption-text\">Derecho Laboral<\/p><\/div>\n<p>&nbsp;<\/p>\n","protected":false},"excerpt":{"rendered":"<p>La actual situaci\u00f3n de crisis econ\u00f3mica hace especialmente frecuentes y delicados aspectos de jurisdicci\u00f3n social con una clara y directa repercusi\u00f3n en su vida laboral. En nosotros encontrar\u00e1 la respuesta m\u00e1s adecuada ante cualquier problema legal. Defensa en despidos, SMAC, &hellip; <a href=\"https:\/\/bsrabogados.es\/?page_id=93\">Sigue leyendo <span class=\"meta-nav\">&rarr;<\/span><\/a><\/p>\n","protected":false},"author":3,"featured_media":0,"parent":67,"menu_order":0,"comment_status":"closed","ping_status":"closed","template":"","meta":{"footnotes":""},"class_list":["post-93","page","type-page","status-publish","hentry"],"aioseo_notices":[],"_links":{"self":[{"href":"https:\/\/bsrabogados.es\/index.php?rest_route=\/wp\/v2\/pages\/93","targetHints":{"allow":["GET"]}}],"collection":[{"href":"https:\/\/bsrabogados.es\/index.php?rest_route=\/wp\/v2\/pages"}],"about":[{"href":"https:\/\/bsrabogados.es\/index.php?rest_route=\/wp\/v2\/types\/page"}],"author":[{"embeddable":true,"href":"https:\/\/bsrabogados.es\/index.php?rest_route=\/wp\/v2\/users\/3"}],"replies":[{"embeddable":true,"href":"https:\/\/bsrabogados.es\/index.php?rest_route=%2Fwp%2Fv2%2Fcomments&post=93"}],"version-history":[{"count":5,"href":"https:\/\/bsrabogados.es\/index.php?rest_route=\/wp\/v2\/pages\/93\/revisions"}],"predecessor-version":[{"id":3171,"href":"https:\/\/bsrabogados.es\/index.php?rest_route=\/wp\/v2\/pages\/93\/revisions\/3171"}],"up":[{"embeddable":true,"href":"https:\/\/bsrabogados.es\/index.php?rest_route=\/wp\/v2\/pages\/67"}],"wp:attachment":[{"href":"https:\/\/bsrabogados.es\/index.php?rest_route=%2Fwp%2Fv2%2Fmedia&parent=93"}],"curies":[{"name":"wp","href":"https:\/\/api.w.org\/{rel}","templated":true}]}}