{"id":97,"date":"2013-10-04T16:29:42","date_gmt":"2013-10-04T16:29:42","guid":{"rendered":"http:\/\/bsrabogados.es\/?page_id=97"},"modified":"2013-10-24T17:47:10","modified_gmt":"2013-10-24T17:47:10","slug":"penal","status":"publish","type":"page","link":"https:\/\/bsrabogados.es\/?page_id=97","title":{"rendered":"Penal"},"content":{"rendered":"<p><i>Ante un procedimiento penal la b\u00fasqueda de una soluci\u00f3n \u00e1gil y eficaz se encuentra en la direcci\u00f3n jur\u00eddica m\u00e1s adecuada. <\/i><\/p>\n<p><i>Acuda a este despacho para su defensa penal, ya se trate de juicios por jurado, denuncias, querellas, accidentes de tr\u00e1fico, alcoholemias, negligencias m\u00e9dicas, defensa en juicios por delitos, suspensi\u00f3n provisional de la pena, indultos, recursos, delitos cometidos en Internet o utilizando la red, prensa, medios de comunicaci\u00f3n, vulneraci\u00f3n de derecho al honor, intimidad o propia imagen,\u00a0<\/i><i> entre otros asuntos destacados como los m\u00e1s frecuentes.<\/i><\/p>\n<p><i>El resultado de su caso, especialmente al tratarse de la jurisdicci\u00f3n penal,\u00a0puede marcar su vida; as\u00ed que, deje sus asuntos en manos de profesionales.<\/i><\/p>\n<div style=\"width: 282px\" class=\"wp-caption aligncenter\"><img loading=\"lazy\" decoding=\"async\" alt=\"\" src=\"https:\/\/lh4.googleusercontent.com\/-XCMCAs9PuKA\/Uk8FWVhjjQI\/AAAAAAAAABA\/Cd0EA-454oI\/s576\/foto00351.jpg\" width=\"272\" height=\"359\" \/><p class=\"wp-caption-text\">Derecho Penal Sala II Tribunal Supremo<\/p><\/div>\n","protected":false},"excerpt":{"rendered":"<p>Ante un procedimiento penal la b\u00fasqueda de una soluci\u00f3n \u00e1gil y eficaz se encuentra en la direcci\u00f3n jur\u00eddica m\u00e1s adecuada. Acuda a este despacho para su defensa penal, ya se trate de juicios por jurado, denuncias, querellas, accidentes de tr\u00e1fico, &hellip; <a href=\"https:\/\/bsrabogados.es\/?page_id=97\">Sigue leyendo <span class=\"meta-nav\">&rarr;<\/span><\/a><\/p>\n","protected":false},"author":3,"featured_media":0,"parent":67,"menu_order":0,"comment_status":"closed","ping_status":"closed","template":"","meta":{"footnotes":""},"class_list":["post-97","page","type-page","status-publish","hentry"],"aioseo_notices":[],"_links":{"self":[{"href":"https:\/\/bsrabogados.es\/index.php?rest_route=\/wp\/v2\/pages\/97","targetHints":{"allow":["GET"]}}],"collection":[{"href":"https:\/\/bsrabogados.es\/index.php?rest_route=\/wp\/v2\/pages"}],"about":[{"href":"https:\/\/bsrabogados.es\/index.php?rest_route=\/wp\/v2\/types\/page"}],"author":[{"embeddable":true,"href":"https:\/\/bsrabogados.es\/index.php?rest_route=\/wp\/v2\/users\/3"}],"replies":[{"embeddable":true,"href":"https:\/\/bsrabogados.es\/index.php?rest_route=%2Fwp%2Fv2%2Fcomments&post=97"}],"version-history":[{"count":5,"href":"https:\/\/bsrabogados.es\/index.php?rest_route=\/wp\/v2\/pages\/97\/revisions"}],"predecessor-version":[{"id":3172,"href":"https:\/\/bsrabogados.es\/index.php?rest_route=\/wp\/v2\/pages\/97\/revisions\/3172"}],"up":[{"embeddable":true,"href":"https:\/\/bsrabogados.es\/index.php?rest_route=\/wp\/v2\/pages\/67"}],"wp:attachment":[{"href":"https:\/\/bsrabogados.es\/index.php?rest_route=%2Fwp%2Fv2%2Fmedia&parent=97"}],"curies":[{"name":"wp","href":"https:\/\/api.w.org\/{rel}","templated":true}]}}