{"id":99,"date":"2013-10-04T16:30:11","date_gmt":"2013-10-04T16:30:11","guid":{"rendered":"http:\/\/bsrabogados.es\/?page_id=99"},"modified":"2013-10-24T17:47:00","modified_gmt":"2013-10-24T17:47:00","slug":"contencioso-administrativo","status":"publish","type":"page","link":"https:\/\/bsrabogados.es\/?page_id=99","title":{"rendered":"Contencioso-administrativo"},"content":{"rendered":"<p><i>Las relaciones de personas f\u00edsicas y jur\u00eddicas con la Administraci\u00f3n es fuente de constante problem\u00e1tica porque con frecuencia confluyen derechos enfrentados\u00a0a los que es preciso buscar una soluci\u00f3n especializada; ya sean personas f\u00edsicas o jur\u00eddicas.<\/i><\/p>\n<p><i>Su defensa en la jurisdicci\u00f3n contencioso-administrativa puede llevarnos a\u00a0asuntos de derecho administrativo, contencioso, contratos administrativos, nuevas energ\u00edas, reclamaciones previas, reclamaciones contra la Administraci\u00f3n, indemnizaciones por mal funcionamiento de la Administraci\u00f3n, expropiaciones forzosas o todo tipo de recursos, por ser algunos de los temas que le afecten m\u00e1s directamente. Sin embargo, cualquier otro asunto ser\u00e1 estudiado para obtener la mejor defensa jur\u00eddica de sus intereses.<\/i><\/p>\n<div style=\"width: 262px\" class=\"wp-caption aligncenter\"><img loading=\"lazy\" decoding=\"async\" alt=\"\" src=\"https:\/\/lh4.googleusercontent.com\/-Mb-aylORamY\/Uk8I0hBS4dI\/AAAAAAAAABc\/yYURfyPIJGM\/s576\/P1010624.JPG\" width=\"252\" height=\"304\" \/><p class=\"wp-caption-text\">Derecho contencioso-administrativo<\/p><\/div>\n<p>&nbsp;<\/p>\n<p>&nbsp;<\/p>\n","protected":false},"excerpt":{"rendered":"<p>Las relaciones de personas f\u00edsicas y jur\u00eddicas con la Administraci\u00f3n es fuente de constante problem\u00e1tica porque con frecuencia confluyen derechos enfrentados\u00a0a los que es preciso buscar una soluci\u00f3n especializada; ya sean personas f\u00edsicas o jur\u00eddicas. Su defensa en la jurisdicci\u00f3n &hellip; <a href=\"https:\/\/bsrabogados.es\/?page_id=99\">Sigue leyendo <span class=\"meta-nav\">&rarr;<\/span><\/a><\/p>\n","protected":false},"author":3,"featured_media":0,"parent":67,"menu_order":0,"comment_status":"closed","ping_status":"closed","template":"","meta":{"footnotes":""},"class_list":["post-99","page","type-page","status-publish","hentry"],"aioseo_notices":[],"_links":{"self":[{"href":"https:\/\/bsrabogados.es\/index.php?rest_route=\/wp\/v2\/pages\/99","targetHints":{"allow":["GET"]}}],"collection":[{"href":"https:\/\/bsrabogados.es\/index.php?rest_route=\/wp\/v2\/pages"}],"about":[{"href":"https:\/\/bsrabogados.es\/index.php?rest_route=\/wp\/v2\/types\/page"}],"author":[{"embeddable":true,"href":"https:\/\/bsrabogados.es\/index.php?rest_route=\/wp\/v2\/users\/3"}],"replies":[{"embeddable":true,"href":"https:\/\/bsrabogados.es\/index.php?rest_route=%2Fwp%2Fv2%2Fcomments&post=99"}],"version-history":[{"count":3,"href":"https:\/\/bsrabogados.es\/index.php?rest_route=\/wp\/v2\/pages\/99\/revisions"}],"predecessor-version":[{"id":152,"href":"https:\/\/bsrabogados.es\/index.php?rest_route=\/wp\/v2\/pages\/99\/revisions\/152"}],"up":[{"embeddable":true,"href":"https:\/\/bsrabogados.es\/index.php?rest_route=\/wp\/v2\/pages\/67"}],"wp:attachment":[{"href":"https:\/\/bsrabogados.es\/index.php?rest_route=%2Fwp%2Fv2%2Fmedia&parent=99"}],"curies":[{"name":"wp","href":"https:\/\/api.w.org\/{rel}","templated":true}]}}